{"id":808,"date":"2015-05-04T07:30:41","date_gmt":"2015-05-04T07:30:41","guid":{"rendered":"http:\/\/neu.translations-roth.de\/kontakt\/?lang=ro"},"modified":"2018-06-18T16:07:59","modified_gmt":"2018-06-18T14:07:59","slug":"contact","status":"publish","type":"page","link":"https:\/\/translations-roth.de\/ro\/contact\/","title":{"rendered":"Contact"},"content":{"rendered":"<div id=\"pl-808\"  class=\"panel-layout\" ><div id=\"pg-808-0\"  class=\"panel-grid panel-has-style\" ><div class=\"siteorigin-panels-stretch panel-row-style panel-row-style-for-808-0\" data-stretch-type=\"full-stretched\" ><div id=\"pgc-808-0-0\"  class=\"panel-grid-cell\" ><div id=\"panel-808-0-0-0\" class=\"so-panel widget widget_black-studio-tinymce widget_black_studio_tinymce panel-first-child panel-last-child\" data-index=\"0\" ><div class=\"textwidget\"><p><iframe src=\"https:\/\/www.google.com\/maps\/embed?pb=!1m18!1m12!1m3!1d2502.157448211106!2d7.075648915896917!3d51.16088664380013!2m3!1f0!2f0!3f0!3m2!1i1024!2i768!4f13.1!3m3!1m2!1s0x47b8d4933e65d94f%3A0x936454a08e1904c7!2sGasstra%C3%9Fe+10-18%2C+42657+Solingen!5e0!3m2!1sde!2sde!4v1529325412953\" width=\"1500\" height=\"450\" frameborder=\"0\" style=\"border:0\" allowfullscreen><\/iframe><\/p>\n<\/div><\/div><\/div><\/div><\/div><div id=\"pg-808-1\"  class=\"panel-grid panel-no-style\" ><div id=\"pgc-808-1-0\"  class=\"panel-grid-cell\" ><div id=\"panel-808-1-0-0\" class=\"so-panel widget widget_black-studio-tinymce widget_black_studio_tinymce panel-first-child panel-last-child\" data-index=\"1\" ><div class=\"featured-widget panel-widget-style panel-widget-style-for-808-1-0-0\" ><div class=\"textwidget\"><p><strong>Adresa biroului:<\/strong><\/p>\n<p><strong>Translations Roth<br \/> Mariana Roth<\/strong><br \/> Gasstr. 10-18<br \/> 42657 Solingen<br \/> <a href=\"http:\/\/deltawerk.com\/\" target=\"_blank\" rel=\"noopener noreferrer\">Deltawerk<\/a>, intrarea C, et. 2<br \/> Num\u0103rul de telefon: <a href=\"tel:492122256440\">+49 212 - 2256440<\/a><br \/> Fax: <a href=\"fax:492122256441\">+49 212 - 2256441<\/a><br \/> Mobil: <a href=\"tel:4917657104065\">+49 176 - 57104065<\/a><\/p>\n<p><a href=\"mailto:info@translations-roth.de\">info@translations-roth.de<\/a><\/p>\n<p><strong>\u00centrevederile sunt posibile numai cu programare telefonic\u0103.<\/strong><\/p>\n<\/div><\/div><\/div><\/div><div id=\"pgc-808-1-1\"  class=\"panel-grid-cell\" ><div id=\"panel-808-1-1-0\" class=\"so-panel widget widget_black-studio-tinymce widget_black_studio_tinymce panel-first-child panel-last-child\" data-index=\"2\" ><h3 class=\"widget-title\"><span class=\"widget-title__inline\">Contacta\u021bi-m\u0103!<\/span><\/h3><div class=\"textwidget\"><p><strong>Biroul de traduceri \u00eel g\u0103si\u021bi astfel:<\/strong><\/p>\n<p>Cl\u0103direa <strong>DELTA-WERK<\/strong> este din c\u0103r\u0103mid\u0103 de culoare ro\u0219ie \u0219i poate fi v\u0103zut\u0103 de departe. La intrarea principal\u0103 este un pilon mare de 4 metri cu inscrip\u021bia \u201eDELTA-WERK\u201c. Trece\u021bi printr-un tunel. C\u00e2nd ajunge\u021bi \u00een curte, merge\u021bi la intrarea C. G\u0103si\u021bi biroul de traduceri la etajul 2.<\/p>\n<hr \/>\n<p>Contacta\u021bi-m\u0103 la telefon sau prin e-mail. V\u0103 trimit cu pl\u0103cere o ofert\u0103 de pre\u021b. M\u0103 bucur s\u0103 v\u0103 asist personal.<\/p>\n<p><div role=\"form\" class=\"wpcf7\" id=\"wpcf7-f811-o1\" lang=\"ro-RO\" dir=\"ltr\">\n<div class=\"screen-reader-response\"><p role=\"status\" aria-live=\"polite\" aria-atomic=\"true\"><\/p> <ul><\/ul><\/div>\n<form action=\"\/ro\/wp-json\/wp\/v2\/pages\/808#wpcf7-f811-o1\" method=\"post\" class=\"wpcf7-form init wpcf7-acceptance-as-validation\" novalidate=\"novalidate\" data-status=\"init\">\n<div style=\"display: none;\">\n<input type=\"hidden\" name=\"_wpcf7\" value=\"811\" \/>\n<input type=\"hidden\" name=\"_wpcf7_version\" value=\"5.6.3\" \/>\n<input type=\"hidden\" name=\"_wpcf7_locale\" value=\"ro_RO\" \/>\n<input type=\"hidden\" name=\"_wpcf7_unit_tag\" value=\"wpcf7-f811-o1\" \/>\n<input type=\"hidden\" name=\"_wpcf7_container_post\" value=\"0\" \/>\n<input type=\"hidden\" name=\"_wpcf7_posted_data_hash\" value=\"\" \/>\n<\/div>\n<div class=\"contact-form-small\">\n<div class=\"row\">\n<div class=\"col-xs-12  col-md-6\">\n      <span class=\"wpcf7-form-control-wrap\" data-name=\"your-name\"><input type=\"text\" name=\"your-name\" value=\"\" size=\"40\" class=\"wpcf7-form-control wpcf7-text wpcf7-validates-as-required\" aria-required=\"true\" aria-invalid=\"false\" placeholder=\"Prenume \u0219i nume*\" \/><\/span><br \/>\n      <span class=\"wpcf7-form-control-wrap\" data-name=\"your-email\"><input type=\"email\" name=\"your-email\" value=\"\" size=\"40\" class=\"wpcf7-form-control wpcf7-text wpcf7-email wpcf7-validates-as-required wpcf7-validates-as-email\" aria-required=\"true\" aria-invalid=\"false\" placeholder=\"E-mailul dumneavoastr\u0103*\" \/><\/span>\n<\/div>\n<div class=\"col-xs-12  col-md-6\">\n        <span class=\"wpcf7-form-control-wrap\" data-name=\"your-message\"><textarea name=\"your-message\" cols=\"40\" rows=\"10\" class=\"wpcf7-form-control wpcf7-textarea\" aria-invalid=\"false\" placeholder=\"Mesajul dumneavoastr\u0103\"><\/textarea><\/span>\n    <\/div>\n<div class=\"col-xs-12  col-md-12\">\n<p><span class=\"wpcf7-form-control-wrap\" data-name=\"acceptance-733\"><span class=\"wpcf7-form-control wpcf7-acceptance\"><span class=\"wpcf7-list-item\"><label><input type=\"checkbox\" name=\"acceptance-733\" value=\"1\" aria-invalid=\"false\" \/><span class=\"wpcf7-list-item-label\">Am luat cuno\u0219tin\u021b\u0103 de <a target=\"_blank\" href=\"\/ro\/declaratie-privind-protectia-datelor\/\">Declara\u021bia privind protec\u021bia datelor cu caracter personal<\/a>. Sunt de acord ca informa\u021biile \u0219i datele mele s\u0103 fie colectate \u0219i stocate pentru procesarea cererii mele de ofert\u0103.  \n\nUtiliz\u00e2nd acest formular, accepta\u021bi ca datele Dumneavoastr\u0103 s\u0103 fie stocate \u0219i prelucrate prin aceast\u0103 pagin\u0103 web. Not\u0103: Ave\u021bi posibilitatea de a revoca \u00een orice moment acceptul acordat. Pentru asta, este suficient dac\u0103 ne trimite\u021bi un simplu mesaj prin e-mail la adresa de e-mail <a href=\"info@translations-roth.de\">info@translations-roth.de<\/a>.<\/span><\/label><\/span><\/span><\/span><\/p>\n<p>Toate c\u00e2mpurile marcate cu un asterisc (*) sunt obligatorii.<\/ p><\/p>\n<p>      <input type=\"submit\" value=\"TRIMITERE\" class=\"wpcf7-form-control has-spinner wpcf7-submit btn btn-primary pull-right\" \/>\n    <\/p><\/div>\n<\/div>\n<\/div>\n<div class=\"wpcf7-response-output\" aria-hidden=\"true\"><\/div><input type=\"hidden\" value=\"\" class=\"cf7-droptype\" ><\/form><\/div><\/p>\n<\/div><\/div><\/div><\/div><\/div>","protected":false},"excerpt":{"rendered":"<p>Adresa biroului:Translations Roth Mariana Roth Gasstr. 10-18 42657 Solingen Deltawerk, intrarea C, et. 2 Num\u0103rul de telefon: +49 212 &#8211; 2256440 Fax: +49 212 &#8211; 2256441 Mobil: +49 176 &#8211; 57104065info@translations-roth.de\u00centrevederile sunt posibile numai cu programare telefonic\u0103. Biroul de traduceri \u00eel g\u0103si\u021bi astfel: Cl\u0103direa DELTA-WERK este din c\u0103r\u0103mid\u0103 de culoare ro\u0219ie \u0219i poate fi v\u0103zut\u0103 &hellip;<\/p>\n","protected":false},"author":1,"featured_media":0,"parent":0,"menu_order":0,"comment_status":"closed","ping_status":"open","template":"","meta":[],"acf":[],"_links":{"self":[{"href":"https:\/\/translations-roth.de\/ro\/wp-json\/wp\/v2\/pages\/808"}],"collection":[{"href":"https:\/\/translations-roth.de\/ro\/wp-json\/wp\/v2\/pages"}],"about":[{"href":"https:\/\/translations-roth.de\/ro\/wp-json\/wp\/v2\/types\/page"}],"author":[{"embeddable":true,"href":"https:\/\/translations-roth.de\/ro\/wp-json\/wp\/v2\/users\/1"}],"replies":[{"embeddable":true,"href":"https:\/\/translations-roth.de\/ro\/wp-json\/wp\/v2\/comments?post=808"}],"version-history":[{"count":11,"href":"https:\/\/translations-roth.de\/ro\/wp-json\/wp\/v2\/pages\/808\/revisions"}],"predecessor-version":[{"id":954,"href":"https:\/\/translations-roth.de\/ro\/wp-json\/wp\/v2\/pages\/808\/revisions\/954"}],"wp:attachment":[{"href":"https:\/\/translations-roth.de\/ro\/wp-json\/wp\/v2\/media?parent=808"}],"curies":[{"name":"wp","href":"https:\/\/api.w.org\/{rel}","templated":true}]}}