{"id":804,"date":"2016-02-05T21:24:45","date_gmt":"2016-02-05T20:24:45","guid":{"rendered":"http:\/\/neu.translations-roth.de\/downloads\/?lang=ro"},"modified":"2018-05-30T08:40:14","modified_gmt":"2018-05-30T06:40:14","slug":"descarcari","status":"publish","type":"page","link":"https:\/\/translations-roth.de\/ro\/descarcari\/","title":{"rendered":"Desc\u0103rc\u0103ri"},"content":{"rendered":"<div id=\"pl-804\"  class=\"panel-layout\" ><div id=\"pg-804-0\"  class=\"panel-grid panel-no-style\" ><div id=\"pgc-804-0-0\"  class=\"panel-grid-cell\" ><div id=\"panel-804-0-0-0\" class=\"so-panel widget widget_black-studio-tinymce widget_black_studio_tinymce panel-first-child panel-last-child\" data-index=\"0\" ><div class=\"textwidget\"><p>V\u0103 pun la dispozi\u0163ie un rezumat privind calific\u0103rile mele \u0219i domeniile de specialitate.<br \/>\n<strong>Desc\u0103rcare fi\u0219ier pdf:<\/strong> <a href=\"https:\/\/translations-roth.de\/wp-content\/uploads\/2016\/04\/Perso\u0308nlichkeit-und-Ta\u0308tigkeitsprofil_ro_lektoriert-1.pdf\" target=\"_blank\">Califica\u0306ri s\u0326i domenii de specialitate<br \/>\n<\/a><\/p>\n<hr \/>\n<p>Ave\u021bi nevoie de traduceri \u00eentr-o alt\u0103 limb\u0103 dec\u00e2t cele oferite de mine? Atunci v\u0103 recomand urm\u0103toarele colege cu care cooperez:<\/p>\n<\/div><\/div><\/div><\/div><div id=\"pg-804-1\"  class=\"panel-grid panel-no-style\" ><div id=\"pgc-804-1-0\"  class=\"panel-grid-cell\" ><div id=\"panel-804-1-0-0\" class=\"so-panel widget widget_black-studio-tinymce widget_black_studio_tinymce panel-first-child panel-last-child\" data-index=\"1\" ><div class=\"textwidget\"><div class=\"partner\">Nume: Lenka Sieber<br \/>\nLimbi: ceh\u0103, slovac\u0103<br \/>\n<a href=\"http:\/\/www.lesiczech.de\/\" target=\"_blank\">http:\/\/www.lesiczech.de\/<\/a><\/div>\n<\/div><\/div><\/div><div id=\"pgc-804-1-1\"  class=\"panel-grid-cell\" ><div id=\"panel-804-1-1-0\" class=\"so-panel widget widget_black-studio-tinymce widget_black_studio_tinymce panel-first-child panel-last-child\" data-index=\"2\" ><div class=\"textwidget\"><div class=\"partner\">Nume: Lucie Gavlasov\u00e1<br \/> Limbi: ceh\u0103<br \/> <a href=\"http:\/\/www.uebersetzerforum-bonn.de\/gavlasova\/\" target=\"_blank\">http:\/\/www.uebersetzerforum-bonn.de\/gavlasova\/<\/a><\/div>\n<\/div><\/div><\/div><\/div><div id=\"pg-804-2\"  class=\"panel-grid panel-no-style\" ><div id=\"pgc-804-2-0\"  class=\"panel-grid-cell\" ><div id=\"panel-804-2-0-0\" class=\"so-panel widget widget_black-studio-tinymce widget_black_studio_tinymce panel-first-child panel-last-child\" data-index=\"3\" ><div class=\"textwidget\"><hr \/>\n<h4>Alte link-uri utile:<\/h4>\n<p>&nbsp;<\/p>\n<\/div><\/div><\/div><\/div><div id=\"pg-804-3\"  class=\"panel-grid panel-has-style\" ><div class=\"panel-row-style panel-row-style-for-804-3\" ><div id=\"pgc-804-3-0\"  class=\"panel-grid-cell\" ><div id=\"panel-804-3-0-0\" class=\"so-panel widget widget_black-studio-tinymce widget_black_studio_tinymce panel-first-child panel-last-child\" data-index=\"4\" ><div class=\"textwidget\"><p>Ambasada Republicii Moldova la Berlin<br \/>\n<a href=\"http:\/\/www.germania.mfa.md\/news-de\/\" target=\"_blank\">http:\/\/www.germania.mfa.md\/news-de\/<\/a><\/p>\n<p>Ambasadei Rom\u00e2niei la Berlin<br \/>\n<a href=\"http:\/\/berlin.mae.ro\/index.php?lang=de\" target=\"_blank\">http:\/\/berlin.mae.ro\/index.php?lang=de<\/a><\/p>\n<\/div><\/div><\/div><div id=\"pgc-804-3-1\"  class=\"panel-grid-cell\" ><div id=\"panel-804-3-1-0\" class=\"so-panel widget widget_black-studio-tinymce widget_black_studio_tinymce panel-first-child panel-last-child\" data-index=\"5\" ><div class=\"textwidget\"><p>Consulatul General al Rom\u00e2nia la Bonn<br \/>\n<a href=\"http:\/\/bonn.mae.ro\/index.php?lang=de\" target=\"_blank\">http:\/\/bonn.mae.ro\/index.php?lang=de<\/a><\/p>\n<p>Ministerul Afacerilor Externe din Germania<br \/>\n<a href=\"http:\/\/www.auswaertiges-amt.de\/DE\/Startseite_node.html\" target=\"_blank\">http:\/\/www.auswaertiges-amt.de\/DE\/Startseite_node.html<\/a><\/p>\n<\/div><\/div><\/div><\/div><\/div><div id=\"pg-804-4\"  class=\"panel-grid panel-no-style\" ><div id=\"pgc-804-4-0\"  class=\"panel-grid-cell\" ><div id=\"panel-804-4-0-0\" class=\"so-panel widget widget_black-studio-tinymce widget_black_studio_tinymce panel-first-child panel-last-child\" data-index=\"6\" ><div class=\"textwidget\"><h4>Alte linkuri:<\/h4>\n<p>&nbsp;<\/p>\n<\/div><\/div><\/div><\/div><div id=\"pg-804-5\"  class=\"panel-grid panel-has-style\" ><div class=\"panel-row-style panel-row-style-for-804-5\" ><div id=\"pgc-804-5-0\"  class=\"panel-grid-cell\" ><div id=\"panel-804-5-0-0\" class=\"so-panel widget widget_black-studio-tinymce widget_black_studio_tinymce panel-first-child panel-last-child\" data-index=\"7\" ><div class=\"textwidget\"><p>Uniunea Federal\u0103 a Interpre\u0163ilor \u015fi Traduc\u0103torilor din Germania<br \/>\n<a href=\"http:\/\/bdue.de\/\" target=\"_blank\">http:\/\/www.bdue.de\/<\/a><\/p>\n<\/div><\/div><\/div><div id=\"pgc-804-5-1\"  class=\"panel-grid-cell\" ><div id=\"panel-804-5-1-0\" class=\"so-panel widget widget_black-studio-tinymce widget_black_studio_tinymce panel-first-child panel-last-child\" data-index=\"8\" ><div class=\"textwidget\"><p>Federa\u021bia Profesional\u0103 a Traduc\u0103torilor \u0219i Interpre\u021bilor e.V.<br \/>\n<a href=\"http:\/\/www.aticom.de\/\" target=\"_blank\">http:\/\/www.aticom.de\/<\/a><\/p>\n<\/div><\/div><\/div><\/div><\/div><\/div>","protected":false},"excerpt":{"rendered":"<p>V\u0103 pun la dispozi\u0163ie un rezumat privind calific\u0103rile mele \u0219i domeniile de specialitate. Desc\u0103rcare fi\u0219ier pdf: Califica\u0306ri s\u0326i domenii de specialitate Ave\u021bi nevoie de traduceri \u00eentr-o alt\u0103 limb\u0103 dec\u00e2t cele oferite de mine? Atunci v\u0103 recomand urm\u0103toarele colege cu care cooperez: Nume: Lenka Sieber Limbi: ceh\u0103, slovac\u0103 http:\/\/www.lesiczech.de\/ Nume: Lucie Gavlasov\u00e1 Limbi: ceh\u0103 http:\/\/www.uebersetzerforum-bonn.de\/gavlasova\/<\/p>\n","protected":false},"author":2,"featured_media":0,"parent":0,"menu_order":0,"comment_status":"closed","ping_status":"closed","template":"","meta":[],"acf":[],"_links":{"self":[{"href":"https:\/\/translations-roth.de\/ro\/wp-json\/wp\/v2\/pages\/804"}],"collection":[{"href":"https:\/\/translations-roth.de\/ro\/wp-json\/wp\/v2\/pages"}],"about":[{"href":"https:\/\/translations-roth.de\/ro\/wp-json\/wp\/v2\/types\/page"}],"author":[{"embeddable":true,"href":"https:\/\/translations-roth.de\/ro\/wp-json\/wp\/v2\/users\/2"}],"replies":[{"embeddable":true,"href":"https:\/\/translations-roth.de\/ro\/wp-json\/wp\/v2\/comments?post=804"}],"version-history":[{"count":4,"href":"https:\/\/translations-roth.de\/ro\/wp-json\/wp\/v2\/pages\/804\/revisions"}],"predecessor-version":[{"id":850,"href":"https:\/\/translations-roth.de\/ro\/wp-json\/wp\/v2\/pages\/804\/revisions\/850"}],"wp:attachment":[{"href":"https:\/\/translations-roth.de\/ro\/wp-json\/wp\/v2\/media?parent=804"}],"curies":[{"name":"wp","href":"https:\/\/api.w.org\/{rel}","templated":true}]}}