{"id":765,"date":"2016-02-05T21:24:05","date_gmt":"2016-02-05T20:24:05","guid":{"rendered":"http:\/\/neu.translations-roth.de\/sprachen\/?lang=ro"},"modified":"2016-05-10T09:45:27","modified_gmt":"2016-05-10T07:45:27","slug":"limbi","status":"publish","type":"page","link":"https:\/\/translations-roth.de\/ro\/limbi\/","title":{"rendered":"Limbi"},"content":{"rendered":"<div id=\"pl-765\"  class=\"panel-layout\" ><div id=\"pg-765-0\"  class=\"panel-grid panel-has-style\" ><div class=\"panel-row-style panel-row-style-for-765-0\" ><div id=\"pgc-765-0-0\"  class=\"panel-grid-cell\" ><div id=\"panel-765-0-0-0\" class=\"so-panel widget widget_black-studio-tinymce widget_black_studio_tinymce panel-first-child panel-last-child\" data-index=\"0\" ><div class=\"textwidget\"><h2 class=\"sprachen\">V\u0103 ofer traduceri \u00een urm\u0103toarele combina\u0163ii de limbi:<\/h2>\n<div class=\"uebersetzung\">\n<table id=\"tablepress-3\" class=\"tablepress tablepress-id-3\">\n<thead>\n<tr class=\"row-1\">\n\t<th class=\"column-1\">Limba surs\u0103<\/th><th class=\"column-2\">Limba \u021bint\u0103<\/th>\n<\/tr>\n<\/thead>\n<tbody>\n<tr class=\"row-2\">\n\t<td class=\"column-1\">rom\u00e2n\u0103<br \/>\nmoldoveneasc\u0103<\/td><td class=\"column-2\">german\u0103<\/td>\n<\/tr>\n<tr class=\"row-3\">\n\t<td class=\"column-1\">rom\u00e2n\u0103<br \/>\nmoldoveneasc\u0103<\/td><td class=\"column-2\">englez\u0103<\/td>\n<\/tr>\n<tr class=\"row-4\">\n\t<td class=\"column-1\">german\u0103<\/td><td class=\"column-2\">rom\u00e2n\u0103<\/td>\n<\/tr>\n<tr class=\"row-5\">\n\t<td class=\"column-1\">german\u0103<\/td><td class=\"column-2\">englez\u0103<\/td>\n<\/tr>\n<tr class=\"row-6\">\n\t<td class=\"column-1\">englez\u0103<\/td><td class=\"column-2\">rom\u00e2n\u0103<\/td>\n<\/tr>\n<tr class=\"row-7\">\n\t<td class=\"column-1\">englez\u0103<\/td><td class=\"column-2\">german\u0103<\/td>\n<\/tr>\n<\/tbody>\n<\/table>\n<!-- #tablepress-3 from cache --><\/div>\n<h2 class=\"sprachen\">V\u0103 ofer servicii de interpretare \u00een urm\u0103toarele combina\u0163ii de limbi:<\/h2>\n<div class=\"uebersetzung\">\n<table id=\"tablepress-4\" class=\"tablepress tablepress-id-4\">\n<thead>\n<tr class=\"row-1\">\n\t<th class=\"column-1\">Limba surs\u0103<\/th><th class=\"column-2\">Limba \u021bint\u0103<br \/>\n<\/th>\n<\/tr>\n<\/thead>\n<tbody>\n<tr class=\"row-2\">\n\t<td class=\"column-1\">rom\u00e2n\u0103<br \/>\nmoldoveneasc\u0103<br \/>\n<\/td><td class=\"column-2\">german\u0103<\/td>\n<\/tr>\n<tr class=\"row-3\">\n\t<td class=\"column-1\">Limba german\u0103<\/td><td class=\"column-2\">rom\u00e2n\u0103<br \/>\nmoldoveneasc\u0103<br \/>\n<\/td>\n<\/tr>\n<\/tbody>\n<\/table>\n<!-- #tablepress-4 from cache --><\/div>\n<\/div><\/div><\/div><\/div><\/div><\/div>","protected":false},"excerpt":{"rendered":"<p>V\u0103 ofer traduceri \u00een urm\u0103toarele combina\u0163ii de limbi: V\u0103 ofer servicii de interpretare \u00een urm\u0103toarele combina\u0163ii de limbi:<\/p>\n","protected":false},"author":2,"featured_media":0,"parent":0,"menu_order":0,"comment_status":"closed","ping_status":"closed","template":"","meta":[],"acf":[],"_links":{"self":[{"href":"https:\/\/translations-roth.de\/ro\/wp-json\/wp\/v2\/pages\/765"}],"collection":[{"href":"https:\/\/translations-roth.de\/ro\/wp-json\/wp\/v2\/pages"}],"about":[{"href":"https:\/\/translations-roth.de\/ro\/wp-json\/wp\/v2\/types\/page"}],"author":[{"embeddable":true,"href":"https:\/\/translations-roth.de\/ro\/wp-json\/wp\/v2\/users\/2"}],"replies":[{"embeddable":true,"href":"https:\/\/translations-roth.de\/ro\/wp-json\/wp\/v2\/comments?post=765"}],"version-history":[{"count":4,"href":"https:\/\/translations-roth.de\/ro\/wp-json\/wp\/v2\/pages\/765\/revisions"}],"predecessor-version":[{"id":916,"href":"https:\/\/translations-roth.de\/ro\/wp-json\/wp\/v2\/pages\/765\/revisions\/916"}],"wp:attachment":[{"href":"https:\/\/translations-roth.de\/ro\/wp-json\/wp\/v2\/media?parent=765"}],"curies":[{"name":"wp","href":"https:\/\/api.w.org\/{rel}","templated":true}]}}