{"id":738,"date":"2015-04-14T10:13:09","date_gmt":"2015-04-14T10:13:09","guid":{"rendered":"http:\/\/neu.translations-roth.de\/?page_id=738&#038;lang=ro"},"modified":"2016-05-03T15:50:48","modified_gmt":"2016-05-03T13:50:48","slug":"home","status":"publish","type":"page","link":"https:\/\/translations-roth.de\/ro\/","title":{"rendered":"Home"},"content":{"rendered":"<div id=\"pl-738\"  class=\"panel-layout\" ><div id=\"pg-738-0\"  class=\"panel-grid panel-has-style\" ><div class=\"jumbotron-overlap panel-row-style panel-row-style-for-738-0\" ><div id=\"pgc-738-0-0\"  class=\"panel-grid-cell\" ><div id=\"panel-738-0-0-0\" class=\"so-panel widget widget_black-studio-tinymce widget_black_studio_tinymce panel-first-child panel-last-child\" data-index=\"0\" ><div class=\"featured-widget panel-widget-style panel-widget-style-for-738-0-0-0\" ><h3 class=\"widget-title\"><span class=\"widget-title__inline\">Bun venit la Translations Roth!<\/span><\/h3><div class=\"textwidget\"><p>Specialista dvs. pentru limbile rom\u00e2n\u0103, moldoveneasc\u0103, german\u0103 \u0219i englez\u0103. Ave\u021bi nevoie de un traduc\u0103tor de \u00eencredere pentru traducerile dumneavoastr\u0103? C\u0103uta\u021bi o traduc\u0103toare pentru care calitatea traducerilor \u00eenseamn\u0103 succesul afacerilor dumneavoastr\u0103? Dori\u021bi s\u0103 \u00eenfiin\u021ba\u021bi o firm\u0103? Ave\u021bi nevoie de traducerea documentelor pentru recunoa\u0219terea studiilor sau de traducerea unei hot\u0103r\u00e2ri judec\u0103tore\u0219ti? Ave\u021bi nevoie de servicii de interpretariat la poli\u021bie sau tribunale? Dori\u021bi s\u0103 \u00eencheia\u021bi o c\u0103s\u0103torie? Ave\u021bi nevoie de un interpret profesionist care s\u0103 v\u0103 ajute la comunicarea f\u0103r\u0103 bariere lingvistice \u00een cadrul evenimentelor la care particip\u0103 oameni din diferite culturi \u0219i cu diferite limbi materne? Atunci nu ezita\u0163i s\u0103 m\u0103 contacta\u0163i! Pentru asemenea situa\u021bii v\u0103 pot fi de mare folos! <\/p>\n<p>Contacta\u021bi-m\u0103! V\u0103 informez cu pl\u0103cere \u0219i v\u0103 trimit o ofert\u0103 de pre\u021b personalizat\u0103.<br \/>\n<a href=\"https:\/\/translations-roth.de\/ro\/profil\/\" class=\"read-more\">ALTE INFORMA\u021aII<\/a><\/p>\n<\/div><\/div><\/div><\/div><div id=\"pgc-738-0-1\"  class=\"panel-grid-cell\" ><div id=\"panel-738-0-1-0\" class=\"so-panel widget widget_black-studio-tinymce widget_black_studio_tinymce panel-first-child panel-last-child\" data-index=\"1\" ><div class=\"textwidget\"><p><img class=\"alignnone wp-image-479 size-medium\" src=\"https:\/\/translations-roth.de\/wp-content\/uploads\/2015\/04\/mariana-roth-uebersetzerin-225x300.jpg\" alt=\"Mariana Roth - \u00dcbersetzerin\" width=\"225\" height=\"300\" \/><\/p>\n<\/div><\/div><\/div><\/div><\/div><div id=\"pg-738-1\"  class=\"panel-grid panel-no-style\" ><div id=\"pgc-738-1-0\"  class=\"panel-grid-cell\" ><div id=\"panel-738-1-0-0\" class=\"so-panel widget widget_black-studio-tinymce widget_black_studio_tinymce panel-first-child panel-last-child\" data-index=\"2\" ><div class=\"widget-title--big panel-widget-style panel-widget-style-for-738-1-0-0\" ><h3 class=\"widget-title\"><span class=\"widget-title__inline\">Avantajele dvs. pe scurt:<\/span><\/h3><div class=\"textwidget\"><ul>\n<li>Originar\u0103 din Republica Moldova, vorbesc fluent limba rom\u00e2n\u0103 \u0219i graiul moldovenesc, \u00eembog\u0103\u021bit cu elemente de vocabular din limba rus\u0103, folosit preponderent pe teritoriul Moldovei. Pe l\u00e2ng\u0103 textele cu caractere latine, traduc \u0219i texte cu caractere chirilice (documente emise p\u00e2n\u0103 la introducerea alfabetului latin \u00een 1989). Folosirea frecvent\u0103 a cuvintelor \u0219i construc\u021biilor ruse\u0219ti \u00een Republica Moldova poate crea ne\u00een\u021belegeri, mai ales \u00een limba vorbit\u0103. \u0218i aici v\u0103 pot ajuta!<\/li>\n<li>Traduc\u0103tor autorizat pentru limbile rom\u00e2n\u0103, german\u0103 \u0219i englez\u0103 (autoriza\u0163ie emis\u0103 de OLG D\u00fcsseldorf - Curtea de Apel a landului Renania de Nord\u2013Vestfalia),<\/li>\n<li>Interpret autorizat pentru limbile rom\u00e2n\u0103 \u0219i german\u0103 (autoriza\u0163ie emis\u0103 de OLG D\u00fcsseldorf - Curtea de Apel a landului Renania de Nord\u2013Vestfalia),<\/li>\n<li>Membru \u00een BD\u00dc (Uniunea Federal\u0103 a Interpre\u0163ilor \u015fi Traduc\u0103torilor din Germania).<\/li>\n<li>Membru \u00een ATICOM (Federa\u021bia Profesional\u0103 a Traduc\u0103torilor \u0219i Interpre\u021bilor) e.V<\/li>\n<li>Traduceri de \u00eenalt\u0103 calitate \u0219i servicii interpretariat la pre\u021buri corecte,<\/li>\n<li>Livrarea traducerilor la data convenit\u0103. Pentru proiectele mari, unde rapiditatea \u0219i calitatea sunt hot\u0103r\u00e2toare, cooperez cu al\u021bi traduc\u0103tori specializa\u021bi,<\/li>\n<li>Biroul meu \u00een Solingen este situat convenabil \u00eentre K\u00f6ln \u0219i D\u00fcsseldorf, \u00een apropiere de autostr\u0103zile A3 \u0219i A46.<\/li>\n<\/ul>\n<\/div><\/div><\/div><\/div><div id=\"pgc-738-1-1\"  class=\"panel-grid-cell\" ><div id=\"panel-738-1-1-0\" class=\"so-panel widget widget_black-studio-tinymce widget_black_studio_tinymce panel-first-child panel-last-child\" data-index=\"3\" ><div class=\"widget-title--big panel-widget-style panel-widget-style-for-738-1-1-0\" ><div class=\"textwidget\"><p><div role=\"form\" class=\"wpcf7\" id=\"wpcf7-f813-o1\" lang=\"ro-RO\" dir=\"ltr\">\n<div class=\"screen-reader-response\"><p role=\"status\" aria-live=\"polite\" aria-atomic=\"true\"><\/p> <ul><\/ul><\/div>\n<form action=\"\/ro\/wp-json\/wp\/v2\/pages\/738#wpcf7-f813-o1\" method=\"post\" class=\"wpcf7-form init wpcf7-acceptance-as-validation\" enctype=\"multipart\/form-data\" novalidate=\"novalidate\" data-status=\"init\">\n<div style=\"display: none;\">\n<input type=\"hidden\" name=\"_wpcf7\" value=\"813\" \/>\n<input type=\"hidden\" name=\"_wpcf7_version\" value=\"5.6.3\" \/>\n<input type=\"hidden\" name=\"_wpcf7_locale\" value=\"ro_RO\" \/>\n<input type=\"hidden\" name=\"_wpcf7_unit_tag\" value=\"wpcf7-f813-o1\" \/>\n<input type=\"hidden\" name=\"_wpcf7_container_post\" value=\"0\" \/>\n<input type=\"hidden\" name=\"_wpcf7_posted_data_hash\" value=\"\" \/>\n<\/div>\n<h3 class=\"widget-title\" id=\"angebot\"><span class=\"widget-title__inline\">Solicita\u021bi o ofert\u0103<\/span><span class=\"widget-title__line  js-added-line\" style=\"left: 337px;\"><\/span><\/h3>\n<div class=\"contact-form-small\">\n<div class=\"row\">\n<div class=\"col-xs-12  col-md-6\">\n      <span class=\"wpcf7-form-control-wrap\" data-name=\"vorname\"><input type=\"text\" name=\"vorname\" value=\"\" size=\"40\" class=\"wpcf7-form-control wpcf7-text wpcf7-validates-as-required\" aria-required=\"true\" aria-invalid=\"false\" placeholder=\"Prenume*\" \/><\/span><br \/>\n      <span class=\"wpcf7-form-control-wrap\" data-name=\"email\"><input type=\"text\" name=\"email\" value=\"\" size=\"40\" class=\"wpcf7-form-control wpcf7-text wpcf7-validates-as-required\" aria-required=\"true\" aria-invalid=\"false\" placeholder=\"Adresa de e-mail*\" \/><\/span><br \/>\n      <span class=\"wpcf7-form-control-wrap\" data-name=\"plz\"><input type=\"text\" name=\"plz\" value=\"\" size=\"40\" class=\"wpcf7-form-control wpcf7-text wpcf7-validates-as-required\" aria-required=\"true\" aria-invalid=\"false\" placeholder=\"Codul po\u0219tal \u0219i localitatea*\" \/><\/span> <\/p>\n<\/div>\n<div class=\"col-xs-12  col-md-6\">\n        <span class=\"wpcf7-form-control-wrap\" data-name=\"nachname\"><input type=\"text\" name=\"nachname\" value=\"\" size=\"40\" class=\"wpcf7-form-control wpcf7-text wpcf7-validates-as-required\" aria-required=\"true\" aria-invalid=\"false\" placeholder=\"Nume*\" \/><\/span><br \/>\n<span class=\"wpcf7-form-control-wrap\" data-name=\"your-subject\"><input type=\"text\" name=\"your-subject\" value=\"\" size=\"40\" class=\"wpcf7-form-control wpcf7-text wpcf7-validates-as-required\" aria-required=\"true\" aria-invalid=\"false\" placeholder=\"Subiect*\" \/><\/span><br \/>\n             <span class=\"wpcf7-form-control-wrap\" data-name=\"menu-354\"><select name=\"menu-354\" class=\"wpcf7-form-control wpcf7-select\" aria-invalid=\"false\"><option value=\"Selecta\u021bi o combina\u021bie de limbi\">Selecta\u021bi o combina\u021bie de limbi<\/option><option value=\"rom\u00e2n\u0103 -&gt; german\u0103\">rom\u00e2n\u0103 -&gt; german\u0103<\/option><option value=\"rom\u00e2n\u0103 -&gt; englez\u0103\">rom\u00e2n\u0103 -&gt; englez\u0103<\/option><option value=\"german\u0103 -&gt; rom\u00e2n\u0103\">german\u0103 -&gt; rom\u00e2n\u0103<\/option><option value=\"german\u0103 -&gt; englez\u0103\">german\u0103 -&gt; englez\u0103<\/option><option value=\"englez\u0103 -&gt; rom\u00e2n\u0103\">englez\u0103 -&gt; rom\u00e2n\u0103<\/option><option value=\"englez\u0103 -&gt; german\u0103\">englez\u0103 -&gt; german\u0103<\/option><\/select><\/span><\/p>\n<\/div>\n<div class=\"col-xs-12  col-md-12\">\n<div class=\"wpcf7-form-control-wrap dropfiles-470\"><span class=\"wpcf7-form-control-wrap dropfiles-470\"><div class=\"cf7-dragandrophandler-container\">\r\n              <div class=\"cf7-dragandrophandler\" data-type=\"jpg|png|pdf|doc|docx|zip|gif|jpeg|svg\" data-size=\"104857600\" data-max=\"\">\r\n                <div class=\"cf7-dragandrophandler-inner\">\r\n                    <div class=\"cf7-text-drop\">Datei hochladen<\/div>\r\n                    <div class=\"cf7-text-or\">oder<\/div>\r\n                    <div class=\"cf7-text-browser\"><a href=\"#\">Datei ausw\u00e4hlen<\/a><\/div>\r\n                <\/div>\r\n                <input type=\"file\" class=\"input-uploads hidden\" multiple>\r\n            <\/div><\/div><input type=\"hidden\" name=\"dropfiles-470\" size=\"40\" class=\"wpcf7-form-control wpcf7-dropfiles cf7-drop-upload\" aria-invalid=\"false\" \/><\/span><\/div><br \/>\n<span class=\"wpcf7-form-control-wrap\" data-name=\"your-message\"><textarea name=\"your-message\" cols=\"40\" rows=\"10\" class=\"wpcf7-form-control wpcf7-textarea\" aria-invalid=\"false\" placeholder=\"Mesajul dumneavoastr\u0103\"><\/textarea><\/span><\/p>\n<p><span class=\"wpcf7-form-control-wrap\" data-name=\"acceptance-733\"><span class=\"wpcf7-form-control wpcf7-acceptance\"><span class=\"wpcf7-list-item\"><label><input type=\"checkbox\" name=\"acceptance-733\" value=\"1\" aria-invalid=\"false\" \/><span class=\"wpcf7-list-item-label\">Am luat cuno\u0219tin\u021b\u0103 de <a target=\"_blank\" href=\"\/ro\/declaratie-privind-protectia-datelor\/\">Declara\u021bia privind protec\u021bia datelor cu caracter personal<\/a>. Sunt de acord ca informa\u021biile \u0219i datele mele s\u0103 fie colectate \u0219i stocate pentru procesarea cererii mele de ofert\u0103.\n<br>  \nUtiliz\u00e2nd acest formular, accepta\u021bi ca datele Dumneavoastr\u0103 s\u0103 fie stocate \u0219i prelucrate prin aceast\u0103 pagin\u0103 web. Not\u0103: Ave\u021bi posibilitatea de a revoca \u00een orice moment acceptul acordat. Pentru asta, este suficient dac\u0103 ne trimite\u021bi un simplu mesaj prin e-mail la adresa de e-mail <a href=\"info@translations-roth.de\">info@translations-roth.de<\/a>.<\/span><\/label><\/span><\/span><\/span><\/p>\n<p>Toate c\u00e2mpurile marcate cu un asterisc (*) sunt obligatorii.<\/ p><\/p>\n<p>      <input type=\"submit\" value=\"TRIMITERE\" class=\"wpcf7-form-control has-spinner wpcf7-submit btn btn-primary pull-right\" \/>\n    <\/p><\/div>\n<\/div>\n<\/div>\n<div class=\"wpcf7-response-output\" aria-hidden=\"true\"><\/div><input type=\"hidden\" value=\"\" class=\"cf7-droptype\" ><\/form><\/div><\/p>\n<\/div><\/div><\/div><\/div><\/div><div id=\"pg-738-2\"  class=\"panel-grid panel-has-style\" ><div id=\"pad\" class=\"panel-row-style panel-row-style-for-738-2\" ><div id=\"pgc-738-2-0\"  class=\"panel-grid-cell\" ><div id=\"panel-738-2-0-0\" class=\"so-panel widget widget_pw_icon_box widget-icon-box panel-first-child\" data-index=\"4\" >\n\t\t\t<a class=\"icon-box\" href=\"https:\/\/translations-roth.de\/ro\/pentru-companii\/\" target=\"_self\">\n\t\n\t\t<i class=\"fa  fa-briefcase  fa-3x\"><\/i>\n\t\t<div class=\"icon-box__text\">\n\t\t\t<h4 class=\"icon-box__title\">Pentru companii<\/h4>\n\t\t\t<span class=\"icon-box__subtitle\">Traduceri de specialitate<\/span>\n\t\t<\/div>\n\n\t\t\t<\/a>\n\t\n<\/div><div id=\"panel-738-2-0-1\" class=\"so-panel widget widget_pw_icon_box widget-icon-box panel-last-child\" data-index=\"5\" >\n\t\t\t<a class=\"icon-box\" href=\"https:\/\/translations-roth.de\/ro\/descarcari\/\" target=\"_self\">\n\t\n\t\t<i class=\"fa  fa-download  fa-3x\"><\/i>\n\t\t<div class=\"icon-box__text\">\n\t\t\t<h4 class=\"icon-box__title\">Desc\u0103rc\u0103ri<\/h4>\n\t\t\t<span class=\"icon-box__subtitle\">Rezumat privnd calific\u0103rile \u0219i domeniile de specialitate<\/span>\n\t\t<\/div>\n\n\t\t\t<\/a>\n\t\n<\/div><\/div><div id=\"pgc-738-2-1\"  class=\"panel-grid-cell\" ><div id=\"panel-738-2-1-0\" class=\"so-panel widget widget_pw_icon_box widget-icon-box panel-first-child\" data-index=\"6\" >\n\t\t\t<a class=\"icon-box\" href=\"https:\/\/translations-roth.de\/ro\/pentru-persoane-fizice\/\" target=\"_self\">\n\t\n\t\t<i class=\"fa  fa-users  fa-3x\"><\/i>\n\t\t<div class=\"icon-box__text\">\n\t\t\t<h4 class=\"icon-box__title\">Pentru persoane fizice<\/h4>\n\t\t\t<span class=\"icon-box__subtitle\">Traduceri legalizate \u0219i servicii de interpretariat<\/span>\n\t\t<\/div>\n\n\t\t\t<\/a>\n\t\n<\/div><div id=\"panel-738-2-1-1\" class=\"so-panel widget widget_pw_icon_box widget-icon-box panel-last-child\" data-index=\"7\" >\n\t\t\t<a class=\"icon-box\" href=\"https:\/\/translations-roth.de\/ro\/limbi\/\" target=\"_self\">\n\t\n\t\t<i class=\"fa  fa-globe  fa-3x\"><\/i>\n\t\t<div class=\"icon-box__text\">\n\t\t\t<h4 class=\"icon-box__title\">Limbi<\/h4>\n\t\t\t<span class=\"icon-box__subtitle\">Rom\u00e2n\u0103, german\u0103, englez\u0103, moldoveneasc\u0103<\/span>\n\t\t<\/div>\n\n\t\t\t<\/a>\n\t\n<\/div><\/div><div id=\"pgc-738-2-2\"  class=\"panel-grid-cell\" ><div id=\"panel-738-2-2-0\" class=\"so-panel widget widget_pw_icon_box widget-icon-box panel-first-child\" data-index=\"8\" >\n\t\t\t<a class=\"icon-box\" href=\"https:\/\/translations-roth.de\/ro\/preturi\/\" target=\"_self\">\n\t\n\t\t<i class=\"fa  fa-shopping-cart  fa-3x\"><\/i>\n\t\t<div class=\"icon-box__text\">\n\t\t\t<h4 class=\"icon-box__title\">Pre\u021buri<\/h4>\n\t\t\t<span class=\"icon-box__subtitle\">Pre\u021burile pentru traduceri \u0219i servicii de interpretariat<\/span>\n\t\t<\/div>\n\n\t\t\t<\/a>\n\t\n<\/div><div id=\"panel-738-2-2-1\" class=\"so-panel widget widget_pw_icon_box widget-icon-box panel-last-child\" data-index=\"9\" >\n\t\t\t<a class=\"icon-box\" href=\"https:\/\/translations-roth.de\/ro\/profil\/\" target=\"_self\">\n\t\n\t\t<i class=\"fa  fa-user  fa-3x\"><\/i>\n\t\t<div class=\"icon-box__text\">\n\t\t\t<h4 class=\"icon-box__title\">Profil<\/h4>\n\t\t\t<span class=\"icon-box__subtitle\">Cariera profesional\u0103, Perfec\u021bionare\/seminarii<\/span>\n\t\t<\/div>\n\n\t\t\t<\/a>\n\t\n<\/div><\/div><\/div><\/div><\/div>","protected":false},"excerpt":{"rendered":"<p>Specialista dvs. pentru limbile rom\u00e2n\u0103, moldoveneasc\u0103, german\u0103 \u0219i englez\u0103. Ave\u021bi nevoie de un traduc\u0103tor de \u00eencredere pentru traducerile dumneavoastr\u0103? C\u0103uta\u021bi o traduc\u0103toare pentru care calitatea traducerilor \u00eenseamn\u0103 succesul afacerilor dumneavoastr\u0103? Dori\u021bi s\u0103 \u00eenfiin\u021ba\u021bi o firm\u0103? Ave\u021bi nevoie de traducerea documentelor pentru recunoa\u0219terea studiilor sau de traducerea unei hot\u0103r\u00e2ri judec\u0103tore\u0219ti? Ave\u021bi nevoie de servicii de interpretariat &hellip;<\/p>\n","protected":false},"author":1,"featured_media":0,"parent":0,"menu_order":0,"comment_status":"closed","ping_status":"open","template":"template-front-page-slider.php","meta":[],"acf":[],"_links":{"self":[{"href":"https:\/\/translations-roth.de\/ro\/wp-json\/wp\/v2\/pages\/738"}],"collection":[{"href":"https:\/\/translations-roth.de\/ro\/wp-json\/wp\/v2\/pages"}],"about":[{"href":"https:\/\/translations-roth.de\/ro\/wp-json\/wp\/v2\/types\/page"}],"author":[{"embeddable":true,"href":"https:\/\/translations-roth.de\/ro\/wp-json\/wp\/v2\/users\/1"}],"replies":[{"embeddable":true,"href":"https:\/\/translations-roth.de\/ro\/wp-json\/wp\/v2\/comments?post=738"}],"version-history":[{"count":15,"href":"https:\/\/translations-roth.de\/ro\/wp-json\/wp\/v2\/pages\/738\/revisions"}],"predecessor-version":[{"id":741,"href":"https:\/\/translations-roth.de\/ro\/wp-json\/wp\/v2\/pages\/738\/revisions\/741"}],"wp:attachment":[{"href":"https:\/\/translations-roth.de\/ro\/wp-json\/wp\/v2\/media?parent=738"}],"curies":[{"name":"wp","href":"https:\/\/api.w.org\/{rel}","templated":true}]}}